{"id":10143,"date":"2022-03-15T11:51:58","date_gmt":"2022-03-15T09:51:58","guid":{"rendered":"https:\/\/tmsifting.org\/en\/?page_id=10143"},"modified":"2022-12-20T00:07:25","modified_gmt":"2022-12-19T22:07:25","slug":"pr","status":"publish","type":"page","link":"https:\/\/tmsifting.org\/en\/pr\/","title":{"rendered":"Como participar do peneiramento?"},"content":{"rendered":"\n<style type=\"text\/css\" data-created_by=\"avia_inline_auto\" id=\"style-css-av-ibfxgf-443609902a6f95eb62ec42b286211cc7\">\n.flex_column.av-ibfxgf-443609902a6f95eb62ec42b286211cc7{\nborder-radius:0px 0px 0px 0px;\npadding:0px 0px 0px 0px;\n}\n<\/style>\n<div  class='flex_column av-ibfxgf-443609902a6f95eb62ec42b286211cc7 av_one_full  avia-builder-el-0  el_before_av_video  avia-builder-el-first  first flex_column_div av-zero-column-padding  '     ><section  class='av_textblock_section av-l0ry6nri-5af50af63098edca68daa654248e0058 '   itemscope=\"itemscope\" itemtype=\"https:\/\/schema.org\/CreativeWork\" ><div class='avia_textblock'  itemprop=\"text\" ><div class=\"avia_textblock avia_textblock_style\" data-update_with=\"content\" data-update_element_template=\"yes\">\n<p><strong>Voc\u00ea j\u00e1 descobriu um item da antiga Jerusal\u00e9m?\u00a0N\u00e3o perca a oportunidade de participar em um trabalho arqueol\u00f3gico real.<\/strong><\/p>\n<p>O Projeto de Peneiramento do Monte do Templo \u00e9 uma iniciativa \u00fanica,\u00a0acess\u00edvel\u00a0a\u00a0todo o\u00a0p\u00fablico.\u00a0Molhe as m\u00e3os um pouco e toque em tesouros reais dos per\u00edodos do Primeiro e do Segundo Templo e depois; recupere artefatos que lan\u00e7am luz sobre os velhos modos de vida.<\/p>\n<p>Este\u00a0grande projeto tornou-se poss\u00edvel devido a um evento infeliz.\u00a0Vastos montes de solo, carregados de incont\u00e1veis artefatos arqueol\u00f3gicos,\u00a0foram\u00a0desenterrados\u00a0ilegalmente\u00a0e removidos do\u00a0complexo do\u00a0Monte\u00a0do\u00a0Templo.\u00a0O\u00a0Monte do Templo\u00a0nunca foi acess\u00edvel a escava\u00e7\u00f5es arqueol\u00f3gicas,\u00a0mas esses montes de solos nos deram\u00a0<strong>uma oportunidade rara e \u00fanica\u00a0<\/strong>para revelar artefatos arqueol\u00f3gicos enterrados no solo do Monte do Templo. Uma solu\u00e7\u00e3o criativa foi criada para recuperar os tesouros escondidos dessa enorme quantidade de solo: o projeto desenvolveu uma t\u00e9cnica de peneiramento \u00famido que permite que residentes e convidados de Jerusal\u00e9m participem do resgate, fa\u00e7am a descoberta de artefatos antigos e se conectem \u00e0 heran\u00e7a do Monte do Templo de Jerusal\u00e9m.<\/p>\n<p>Mais de 200.000 pessoas j\u00e1 participaram da peneira\u00e7\u00e3o do solo antigo, tornando este o\u00a0projeto arqueol\u00f3gico\u00a0mais\u00a0p\u00fablico\u00a0do mundo.\u00a0At\u00e9 agora, milhares de\u00a0artefatos foram\u00a0extra\u00eddos de\u00a0dentro do\u00a0solo, incluindo moedas, ladrilhos do templo, armas antigas, sinetes\u00a0e muito mais.<\/p>\n<p>Voc\u00ea tamb\u00e9m pode encontrar peda\u00e7os de hist\u00f3ria e contribuir na sua\u00a0preserva\u00e7\u00e3o para as gera\u00e7\u00f5es futuras!\u00a0Cada descoberta especial \u00e9 registrada junto ao nome do localizador.\u00a0Os visitantes que encontraram descobertas muito raras foram divulgados na m\u00eddia em\u00a0todo\u00a0o\u00a0mundo.\u00a0Animado?\u00a0Junte-se a n\u00f3s,\u00a0e quem sabe o que voc\u00ea vai encontrar!<\/p>\n<h4>Porque os teus servos t\u00eam prazer nas suas pedras, e se compadecem do seu p\u00f3<\/h4>\n<p>(Salmos 102:14-15)<\/p>\n<\/div>\n<\/div><\/section><\/div>\n<div  class='avia-video av-l0ry8o7j-36f8f4b9114ca0d603bfc68b754e519d avia-video-16-9 av-no-preview-image avia-video-load-always av-lazyload-immediate av-lazyload-video-embed'  itemprop=\"video\" itemtype=\"https:\/\/schema.org\/VideoObject\"  data-original_url='https:\/\/youtu.be\/w3RosIBKFN8'><script type='text\/html' class='av-video-tmpl'><div class='avia-iframe-wrap'><iframe loading=\"lazy\" title=\"O que est\u00e1 escondido no solo do Monte do Templo ?\" width=\"1500\" height=\"844\" src=\"https:\/\/www.youtube.com\/embed\/w3RosIBKFN8?feature=oembed&autoplay=0&loop=0&controls=1&mute=0\" frameborder=\"0\" allow=\"accelerometer; autoplay; clipboard-write; encrypted-media; gyroscope; picture-in-picture; web-share\" allowfullscreen><\/iframe><\/div><\/script><div class='av-click-to-play-overlay'><div class=\"avia_playpause_icon\"><\/div><\/div><\/div>\n\n<style type=\"text\/css\" data-created_by=\"avia_inline_auto\" id=\"style-css-av-l0rya9vd-2591437258893fcd5527a3aafb3e87ef\">\n#top .av-special-heading.av-l0rya9vd-2591437258893fcd5527a3aafb3e87ef{\npadding-bottom:10px;\n}\nbody .av-special-heading.av-l0rya9vd-2591437258893fcd5527a3aafb3e87ef .av-special-heading-tag .heading-char{\nfont-size:25px;\n}\n.av-special-heading.av-l0rya9vd-2591437258893fcd5527a3aafb3e87ef .av-subheading{\nfont-size:15px;\n}\n<\/style>\n<div  class='av-special-heading av-l0rya9vd-2591437258893fcd5527a3aafb3e87ef av-special-heading-h4 blockquote modern-quote modern-centered  avia-builder-el-3  el_after_av_video  el_before_av_textblock '><h4 class='av-special-heading-tag '  itemprop=\"headline\"  >Como participar do peneiramento?<\/h4><div class=\"special-heading-border\"><div class=\"special-heading-inner-border\"><\/div><\/div><\/div>\n<section  class='av_textblock_section av-l0rybbik-e9eee8cd774b86e255587f45efab9c5d '   itemscope=\"itemscope\" itemtype=\"https:\/\/schema.org\/CreativeWork\" ><div class='avia_textblock'  itemprop=\"text\" ><section class=\"av_textblock_section \">\n<div class=\"avia_textblock  av_inherit_color \">\n<p>A participa\u00e7\u00e3o no Projeto de Peneiramento do Monte do Templo envolve um programa de duas horas que inclui uma palestra introdut\u00f3ria e orienta\u00e7\u00e3o sobre peneira\u00e7\u00e3o, a peneira\u00e7\u00e3o e um resumo no qual o guia explica a import\u00e2ncia dos achados recuperados pelo grupo. Cada balde peneirado cont\u00e9m artefatos de todos os per\u00edodos hist\u00f3ricos do Monte do Templo.<\/p>\n<p>O trabalho de peneirar n\u00e3o exige esfor\u00e7o f\u00edsico e os participantes n\u00e3o devem se sujar, mas podem se molhar.\u00a0As condi\u00e7\u00f5es do local s\u00e3o adequadas para todas as esta\u00e7\u00f5es do ano.<\/p>\n<p>Os participantes devem reservar com anteced\u00eancia.<\/p>\n<\/div>\n<\/section>\n<\/div><\/section>\n<div  class='togglecontainer av-l0ry3y54-09384bbafc0177035e3c48df67219734  avia-builder-el-5  el_after_av_textblock  el_before_av_heading  toggle_close_all' >\n<section class='av_toggle_section av-l0ry23l7-44eab88cc1ce6a62219e4fe6559ecf63'  itemscope=\"itemscope\" itemtype=\"https:\/\/schema.org\/CreativeWork\" ><div role=\"tablist\" class=\"single_toggle\" data-tags=\"{All} \"  ><p id='toggle-toggle-id-1' data-fake-id='#toggle-id-1' class='toggler  av-title-above '  itemprop=\"headline\"  role='tab' tabindex='0' aria-controls='toggle-id-1' data-slide-speed=\"200\" data-title=\"Hor\u00e1rio de Funcionamento\" data-title-open=\"\" data-aria_collapsed=\"Click to expand: Hor\u00e1rio de Funcionamento\" data-aria_expanded=\"Click to collapse: Hor\u00e1rio de Funcionamento\">Hor\u00e1rio de Funcionamento<span class=\"toggle_icon\"><span class=\"vert_icon\"><\/span><span class=\"hor_icon\"><\/span><\/span><\/p><div id='toggle-id-1' aria-labelledby='toggle-toggle-id-1' role='region' class='toggle_wrap  av-title-above'  ><div class='toggle_content invers-color '  itemprop=\"text\" ><p>As visitas devem ser reservadas com anteced\u00eancia. Em alguns dias a peneira\u00e7\u00e3o est\u00e1 fechada &#8211; os hor\u00e1rios de funcionamento mais atualizados aparecem na interface de reservas abaixo.<\/p>\n<p>Podemos abrir o site em hor\u00e1rios (incluindo sextas-feiras) que n\u00e3o aparecem na interface de reservas, para grupos de 35 participantes ou mais. Para coordenar a visita de um grupo, entre em contato com: booking@tmsifting.org, ou ligue: 02-5667067.<\/p>\n<\/div><\/div><\/div><\/section>\n<section class='av_toggle_section av-l0rxpudm-347b1a4950cf3123f975205cfcd069ab'  itemscope=\"itemscope\" itemtype=\"https:\/\/schema.org\/CreativeWork\" ><div role=\"tablist\" class=\"single_toggle\" data-tags=\"{All} \"  ><p id='toggle-toggle-id-2' data-fake-id='#toggle-id-2' class='toggler  av-title-above '  itemprop=\"headline\"  role='tab' tabindex='0' aria-controls='toggle-id-2' data-slide-speed=\"200\" data-title=\"Pre\u00e7os \" data-title-open=\"\" data-aria_collapsed=\"Click to expand: Pre\u00e7os \" data-aria_expanded=\"Click to collapse: Pre\u00e7os \">Pre\u00e7os <span class=\"toggle_icon\"><span class=\"vert_icon\"><\/span><span class=\"hor_icon\"><\/span><\/span><\/p><div id='toggle-id-2' aria-labelledby='toggle-toggle-id-2' role='region' class='toggle_wrap  av-title-above'  ><div class='toggle_content invers-color '  itemprop=\"text\" ><p><span class=\"VIiyi\" lang=\"pt\"><span class=\"JLqJ4b ChMk0b\" data-language-for-alternatives=\"pt\" data-language-to-translate-into=\"en\" data-phrase-index=\"0\" data-number-of-phrases=\"7\">Atividade de peneira\u00e7\u00e3o para adultos (a partir de 16 anos): 35 shekel<\/span> <\/span><\/p>\n<p><span class=\"VIiyi\" lang=\"pt\"><span class=\"JLqJ4b ChMk0b\" data-language-for-alternatives=\"pt\" data-language-to-translate-into=\"en\" data-phrase-index=\"4\" data-number-of-phrases=\"7\">Atividade de peneira\u00e7\u00e3o para crian\u00e7as de 7 a 15 anos: 20 shekel<\/span> <\/span><\/p>\n<p><span class=\"VIiyi\" lang=\"pt\"><span class=\"JLqJ4b ChMk0b\" data-language-for-alternatives=\"pt\" data-language-to-translate-into=\"en\" data-phrase-index=\"6\" data-number-of-phrases=\"7\">Crian\u00e7as menores de 7 anos: 2 shekel<\/span><\/span><\/p>\n<\/div><\/div><\/div><\/section>\n<section class='av_toggle_section av-l0ry2wqp-8e881a00f880d0262069523e17194598'  itemscope=\"itemscope\" itemtype=\"https:\/\/schema.org\/CreativeWork\" ><div role=\"tablist\" class=\"single_toggle\" data-tags=\"{All} \"  ><p id='toggle-toggle-id-3' data-fake-id='#toggle-id-3' class='toggler  av-title-above '  itemprop=\"headline\"  role='tab' tabindex='0' aria-controls='toggle-id-3' data-slide-speed=\"200\" data-title=\"Localiza\u00e7\u00e3o e dire\u00e7\u00f5es \" data-title-open=\"\" data-aria_collapsed=\"Click to expand: Localiza\u00e7\u00e3o e dire\u00e7\u00f5es \" data-aria_expanded=\"Click to collapse: Localiza\u00e7\u00e3o e dire\u00e7\u00f5es \">Localiza\u00e7\u00e3o e dire\u00e7\u00f5es <span class=\"toggle_icon\"><span class=\"vert_icon\"><\/span><span class=\"hor_icon\"><\/span><\/span><\/p><div id='toggle-id-3' aria-labelledby='toggle-toggle-id-3' role='region' class='toggle_wrap  av-title-above'  ><div class='toggle_content invers-color '  itemprop=\"text\" ><p>O local de peneira\u00e7\u00e3o est\u00e1 localizado em Mitzpeh HaMasuot, na Martin Buber St, na jun\u00e7\u00e3o com Yizhaq haNadiv St (acima do t\u00fanel para Maaleh Adumim), Jerusal\u00e9m (<a href=\"https:\/\/goo.gl\/maps\/8cyTEDsPajEMoqxB7\">link do google maps<\/a>). Se tiver dificuldade em chegar ao local, ligue para a equipe em 02-566-5491 (de um telefone n\u00e3o local: +972-2-566-5491) ou em nosso escrit\u00f3rio: 02-566-7067 (de um telefone n\u00e3o local: +972-2-566-7067).<\/p>\n<p><strong><span class=\"VIiyi\" lang=\"pt\"><span class=\"JLqJ4b ChMk0b\" data-language-for-alternatives=\"pt\" data-language-to-translate-into=\"en\" data-phrase-index=\"0\" data-number-of-phrases=\"7\">De transporte p\u00fablico:<\/span> <\/span><\/strong><\/p>\n<p><span class=\"VIiyi\" lang=\"pt\"><span class=\"JLqJ4b ChMk0b\" data-language-for-alternatives=\"pt\" data-language-to-translate-into=\"en\" data-phrase-index=\"2\" data-number-of-phrases=\"7\">O local fica a uma curta dist\u00e2ncia a p\u00e9 das seguintes paradas de \u00f4nibus:<\/span> <\/span><\/p>\n<p><span class=\"VIiyi\" lang=\"pt\"><span class=\"JLqJ4b ChMk0b\" data-language-for-alternatives=\"pt\" data-language-to-translate-into=\"en\" data-phrase-index=\"4\" data-number-of-phrases=\"7\">&#8220;Mount Scopus Terminal\/Martin Buber&#8221;, nos \u00f4nibus 17, 19, 19A, 30, 34, 34A, 42, 48A, 53, 68<\/span> <\/span><\/p>\n<p><span class=\"VIiyi\" lang=\"pt\"><span class=\"JLqJ4b ChMk0b\" data-language-for-alternatives=\"pt\" data-language-to-translate-into=\"en\" data-phrase-index=\"6\" data-number-of-phrases=\"7\">&#8220;Har HaTsofim Tunnel\/Martin Buber&#8221;, no \u00f4nibus 84<\/span><\/span><\/p>\n<p><strong><span class=\"VIiyi\" lang=\"pt\"><span class=\"JLqJ4b ChMk0b\" data-language-for-alternatives=\"pt\" data-language-to-translate-into=\"en\" data-phrase-index=\"0\" data-number-of-phrases=\"1\">De carro:<\/span><\/span><\/strong><\/p>\n<p><span class=\"VIiyi\" lang=\"pt\"><span class=\"JLqJ4b ChMk0b\" data-language-for-alternatives=\"pt\" data-language-to-translate-into=\"en\" data-phrase-index=\"0\" data-number-of-phrases=\"1\">Dire\u00e7\u00f5es para estacionamentos nas proximidades do local de peneiramento:<\/span><\/span><\/p>\n<p><strong><span class=\"VIiyi\" lang=\"pt\"><span class=\"JLqJ4b ChMk0b\" data-language-for-alternatives=\"pt\" data-language-to-translate-into=\"en\" data-phrase-index=\"0\" data-number-of-phrases=\"1\">Estacionamento pago<\/span><\/span><\/strong> &#8211; no estacionamento da Universidade Hebraica, no final da Rua Binyamin Mazar (<a href=\"https:\/\/goo.gl\/maps\/vmRiAFbtAUXX9Mf26\">link do google maps<\/a> \/ <a href=\"https:\/\/www.waze.com\/en-GB\/live-map\/directions?navigate=yes&#038;to=ll.31.78901384%2C35.24625421\">link do waze<\/a>) &#8211; para pagar voc\u00ea precisar\u00e1 do aplicativo cellopark no seu celular. Depois de estacionar, atravesse a rua em dire\u00e7\u00e3o ao local da peneira\u00e7\u00e3o que \u00e9 cercado por uma cerca de postes de metal. Uma placa marrom aponta para o local.<\/p>\n<p><strong><span class=\"VIiyi\" lang=\"pt\"><span class=\"JLqJ4b ChMk0b\" data-language-for-alternatives=\"pt\" data-language-to-translate-into=\"en\" data-phrase-index=\"0\" data-number-of-phrases=\"1\">Estacionamento gr\u00e1tis<\/span><\/span><\/strong> &#8211; em Hadassah Lampel St. (<a href=\"https:\/\/www.google.com\/maps\/place\/31%C2%B047'20.8%22N+35%C2%B014'46.9%22E\/@31.7891133,35.2463538,17z\/data=!3m1!4b1!4m5!3m4!1s0x0:0x1d78d308750b36e3!8m2!3d31.7891133!4d35.2463538\">link do google maps<\/a> \/ <a href=\"https:\/\/www.waze.com\/en-GB\/live-map\/directions?navigate=yes&#038;to=ll.31.78901384%2C35.24625421\">link do waze<\/a>). Estacione no in\u00edcio da rua, depois volte a p\u00e9 at\u00e9 o in\u00edcio da rua, vire \u00e0 direita e novamente \u00e0 direita em dire\u00e7\u00e3o \u00e0 entrada do local da peneira\u00e7\u00e3o.\u00a0<strong>N.B. n\u00e3o caminhe na dire\u00e7\u00e3o do parque nacional Emek Tzurim.<\/strong><\/p>\n<p><span class=\"VIiyi\" lang=\"pt\"><span class=\"JLqJ4b ChMk0b\" data-language-for-alternatives=\"pt\" data-language-to-translate-into=\"en\" data-phrase-index=\"0\" data-number-of-phrases=\"1\">Observe &#8211; voc\u00ea n\u00e3o pode dirigir de carro na dire\u00e7\u00e3o inversa diretamente de volta do pr\u00f3prio local de peneiramento para Hadassah Lampel St.<\/span><\/span><\/p>\n<p><a href=\"https:\/\/tmsifting.org\/en\/participate\/temple-mount-sifting-project-directions-map-updated-2021-08-10\/\"><img loading=\"lazy\" decoding=\"async\" class=\"alignnone wp-image-9475 size-full\" src=\"https:\/\/tmsifting.org\/en\/wp-content\/uploads\/sites\/2\/2021\/08\/Temple-Mount-Sifting-Project-directions-map-updated-2021-08-10.png\" alt=\"Map - directions to the sifting site\" width=\"920\" height=\"840\" srcset=\"https:\/\/tmsifting.org\/en\/wp-content\/uploads\/sites\/2\/2021\/08\/Temple-Mount-Sifting-Project-directions-map-updated-2021-08-10.png 920w, https:\/\/tmsifting.org\/en\/wp-content\/uploads\/sites\/2\/2021\/08\/Temple-Mount-Sifting-Project-directions-map-updated-2021-08-10-300x274.png 300w, https:\/\/tmsifting.org\/en\/wp-content\/uploads\/sites\/2\/2021\/08\/Temple-Mount-Sifting-Project-directions-map-updated-2021-08-10-768x701.png 768w, https:\/\/tmsifting.org\/en\/wp-content\/uploads\/sites\/2\/2021\/08\/Temple-Mount-Sifting-Project-directions-map-updated-2021-08-10-705x644.png 705w\" sizes=\"auto, (max-width: 920px) 100vw, 920px\" \/><\/a><\/p>\n<\/div><\/div><\/div><\/section>\n<section class='av_toggle_section av-l0ry3esp-a3c81cc34cb46b997cb5a9f24c8ebfbe'  itemscope=\"itemscope\" itemtype=\"https:\/\/schema.org\/CreativeWork\" ><div role=\"tablist\" class=\"single_toggle\" data-tags=\"{All} \"  ><p id='toggle-toggle-id-4' data-fake-id='#toggle-id-4' class='toggler  av-title-above '  itemprop=\"headline\"  role='tab' tabindex='0' aria-controls='toggle-id-4' data-slide-speed=\"200\" data-title=\"Ser volunt\u00e1rio\" data-title-open=\"\" data-aria_collapsed=\"Click to expand: Ser volunt\u00e1rio\" data-aria_expanded=\"Click to collapse: Ser volunt\u00e1rio\">Ser volunt\u00e1rio<span class=\"toggle_icon\"><span class=\"vert_icon\"><\/span><span class=\"hor_icon\"><\/span><\/span><\/p><div id='toggle-id-4' aria-labelledby='toggle-toggle-id-4' role='region' class='toggle_wrap  av-title-above'  ><div class='toggle_content invers-color '  itemprop=\"text\" ><p>Aceitamos volunt\u00e1rios, mas como precisamos investir na forma\u00e7\u00e3o de volunt\u00e1rios, pedimos aos potenciais volunt\u00e1rios que se comprometam com pelo menos quatorze dias de trabalho, e que estejam preparados para realizar trabalhos que envolvam esfor\u00e7o f\u00edsico ou trabalho de escrit\u00f3rio (como rotulagem de cer\u00e2mica cacos). Os volunt\u00e1rios do local recebem tr\u00eas dias de treinamento, o que lhes permite acompanhar os grupos e verificar os resultados da peneira\u00e7\u00e3o dos visitantes.<\/p>\n<p>N\u00e3o fornecemos transporte ou alimenta\u00e7\u00e3o para os volunt\u00e1rios, que s\u00e3o solicitados a se deslocarem at\u00e9 o local e trazerem seu almo\u00e7o.<\/p>\n<p>Por favor, organize o trabalho volunt\u00e1rio com anteced\u00eancia, ligando para +972-2-566-7067 durante o hor\u00e1rio de trabalho ou por e-mail: contact@tmsifting.org.<\/p>\n<p>Volunt\u00e1rios que gostariam de ser volunt\u00e1rios em nosso laborat\u00f3rio podem se inscrever enviando seu curr\u00edculo para: contact@tmsifting.org. Entraremos em contato com voc\u00ea se voc\u00ea atender aos requisitos necess\u00e1rios.<\/p>\n<p>Atualmente procuramos ajuda nas seguintes \u00e1reas: contagem de artefatos e entrada de dados, fotografia de est\u00fadio, edi\u00e7\u00e3o gr\u00e1fica e programa\u00e7\u00e3o em ACCESS e SAS.<\/p>\n<p>Estudantes de arqueologia interessados \u200b\u200bem ajudar voluntariamente como assistentes de pesquisa tamb\u00e9m podem nos enviar seu curr\u00edculo.<\/p>\n<\/div><\/div><\/div><\/section>\n<section class='av_toggle_section av-l0ry3w39-b945fefbf6ab92c3e2d5115baa696caa'  itemscope=\"itemscope\" itemtype=\"https:\/\/schema.org\/CreativeWork\" ><div role=\"tablist\" class=\"single_toggle\" data-tags=\"{All} \"  ><p id='toggle-toggle-id-5' data-fake-id='#toggle-id-5' class='toggler  av-title-above '  itemprop=\"headline\"  role='tab' tabindex='0' aria-controls='toggle-id-5' data-slide-speed=\"200\" data-title=\"Programas de turismo adicionais \" data-title-open=\"\" data-aria_collapsed=\"Click to expand: Programas de turismo adicionais \" data-aria_expanded=\"Click to collapse: Programas de turismo adicionais \">Programas de turismo adicionais <span class=\"toggle_icon\"><span class=\"vert_icon\"><\/span><span class=\"hor_icon\"><\/span><\/span><\/p><div id='toggle-id-5' aria-labelledby='toggle-toggle-id-5' role='region' class='toggle_wrap  av-title-above'  ><div class='toggle_content invers-color '  itemprop=\"text\" ><p>Para grupos que pretendam receber uma atividade enriquecida e uma visita guiada, disponibilizamos os seguintes programas:<\/p>\n<ul>\n<li>Um passeio pelos locais pr\u00f3ximos, incluindo: a torre de vigia Augusta Victoria (opcional), o mirante Yehudai e o jardim bot\u00e2nico Mount Scopus, incluindo a Caverna de Nicanor.<\/li>\n<li>Uma apresenta\u00e7\u00e3o detalhada cobrindo a hist\u00f3ria e a arqueologia do Monte do Templo, incluindo os principais artefatos recuperados pelo projeto de peneiramento.<\/li>\n<li>Um passeio a p\u00e9 de dia inteiro destacando a arqueologia do Monte do Templo, incluindo: Um passeio arqueol\u00f3gico abrangente do Monte do Templo*, o complexo real no Ophel datado do Per\u00edodo do Primeiro Templo e a Trilha de Jerusal\u00e9m (incluindo os t\u00famulos monumentais do Vale do Cedron , o Vale dos Reis e o Parque Nacional Emek Tzurim, terminando no local da peneiramento no Mirante Masu&#8217;ot). No local de peneiramento, o grupo receber\u00e1 uma apresenta\u00e7\u00e3o detalhada sobre o Projeto de Peneiramento do Monte do Templo e suas descobertas, juntamente com a participa\u00e7\u00e3o na atividade de peneiramento.<\/li>\n<\/ul>\n<p>*Para aqueles que preferem n\u00e3o entrar no Monte do Templo, oferecemos um passeio alternativo, incluindo uma caminhada pelas paredes do Monte do Templo e pelo Centro Davidson.<\/p>\n<p>Para obter informa\u00e7\u00f5es adicionais sobre esses programas, entre em contato conosco em booking@tmsifting.org ou +972-2-5667067<\/p>\n<\/div><\/div><\/div><\/section>\n<\/div>\n\n<style type=\"text\/css\" data-created_by=\"avia_inline_auto\" id=\"style-css-av-l0ryccxc-3a866fc614642fb7c3be1d7f489a635e\">\n#top .av-special-heading.av-l0ryccxc-3a866fc614642fb7c3be1d7f489a635e{\npadding-bottom:10px;\n}\nbody .av-special-heading.av-l0ryccxc-3a866fc614642fb7c3be1d7f489a635e .av-special-heading-tag .heading-char{\nfont-size:25px;\n}\n.av-special-heading.av-l0ryccxc-3a866fc614642fb7c3be1d7f489a635e .av-subheading{\nfont-size:15px;\n}\n<\/style>\n<div  class='av-special-heading av-l0ryccxc-3a866fc614642fb7c3be1d7f489a635e av-special-heading-h2 blockquote modern-quote modern-centered  avia-builder-el-6  el_after_av_toggle_container  el_before_av_textblock '><h2 class='av-special-heading-tag '  itemprop=\"headline\"  >Book Your Sifting Now<\/h2><div class=\"special-heading-border\"><div class=\"special-heading-inner-border\"><\/div><\/div><\/div>\n<section  class='av_textblock_section av-l0rydz32-d205667827fe942c2ab260df8ac95b6b '   itemscope=\"itemscope\" itemtype=\"https:\/\/schema.org\/CreativeWork\" ><div class='avia_textblock'  itemprop=\"text\" ><p><iframe loading=\"lazy\" id=\"ticketsIFrame\" style=\"border: 3px solid #fff;\" src=\"https:\/\/ticketsoft.co.il\/reservintres\/index.jsp?lang=en&#038;referentId=121&#038;siteId=70&#038;activityGroup=1\" width=\"100%\" height=\"940px\"><br br=\"\" \/><\/iframe><\/p>\n<\/div><\/section>\n<section  class='av_textblock_section av-l0ryn7pu-edcbd25c7ad785997c70879ea2f39b5e '   itemscope=\"itemscope\" itemtype=\"https:\/\/schema.org\/CreativeWork\" ><div class='avia_textblock'  itemprop=\"text\" ><p>* Para verificar a disponibilidade para visitas no mesmo dia, voc\u00ea pode ligar para 02-566-7067 (de um telefone n\u00e3o local: +972-2-566-7067)<\/p>\n<p>Para mais informa\u00e7\u00f5es, por favor contacte-nos em: booking@tmsifting.org<\/p>\n<\/div><\/section>\n<div  class='avia-video av-l0s3gi4r-55274be65f5666131246f8e742cf874b avia-video-16-9 av-no-preview-image avia-video-load-always av-lazyload-immediate av-lazyload-video-embed'  itemprop=\"video\" itemtype=\"https:\/\/schema.org\/VideoObject\"  data-original_url='https:\/\/www.youtube.com\/watch?v=roptVEw4tnI'><script type='text\/html' class='av-video-tmpl'><div class='avia-iframe-wrap'><iframe loading=\"lazy\" title=\"O ROUBO E DESTRUI\u00c7\u00c3O DOS RESTOS DO TEMPLO DE JERUSALEM! *CHOCANTE*\" width=\"1500\" height=\"844\" src=\"https:\/\/www.youtube.com\/embed\/roptVEw4tnI?feature=oembed&autoplay=0&loop=0&controls=1&mute=0\" frameborder=\"0\" allow=\"accelerometer; autoplay; clipboard-write; encrypted-media; gyroscope; picture-in-picture; web-share\" allowfullscreen><\/iframe><\/div><\/script><div class='av-click-to-play-overlay'><div class=\"avia_playpause_icon\"><\/div><\/div><\/div>\n","protected":false},"excerpt":{"rendered":"","protected":false},"author":85,"featured_media":0,"parent":0,"menu_order":0,"comment_status":"closed","ping_status":"closed","template":"","meta":{"jetpack_post_was_ever_published":false,"footnotes":""},"class_list":["post-10143","page","type-page","status-publish","hentry"],"jetpack_likes_enabled":true,"jetpack_sharing_enabled":true,"_links":{"self":[{"href":"https:\/\/tmsifting.org\/en\/wp-json\/wp\/v2\/pages\/10143","targetHints":{"allow":["GET"]}}],"collection":[{"href":"https:\/\/tmsifting.org\/en\/wp-json\/wp\/v2\/pages"}],"about":[{"href":"https:\/\/tmsifting.org\/en\/wp-json\/wp\/v2\/types\/page"}],"author":[{"embeddable":true,"href":"https:\/\/tmsifting.org\/en\/wp-json\/wp\/v2\/users\/85"}],"replies":[{"embeddable":true,"href":"https:\/\/tmsifting.org\/en\/wp-json\/wp\/v2\/comments?post=10143"}],"version-history":[{"count":18,"href":"https:\/\/tmsifting.org\/en\/wp-json\/wp\/v2\/pages\/10143\/revisions"}],"predecessor-version":[{"id":10428,"href":"https:\/\/tmsifting.org\/en\/wp-json\/wp\/v2\/pages\/10143\/revisions\/10428"}],"wp:attachment":[{"href":"https:\/\/tmsifting.org\/en\/wp-json\/wp\/v2\/media?parent=10143"}],"curies":[{"name":"wp","href":"https:\/\/api.w.org\/{rel}","templated":true}]}}