{"id":5035,"date":"2019-09-08T22:33:51","date_gmt":"2019-09-08T19:33:51","guid":{"rendered":"https:\/\/tmsifting.org\/en\/?page_id=5035"},"modified":"2022-12-20T00:04:44","modified_gmt":"2022-12-19T22:04:44","slug":"es","status":"publish","type":"page","link":"https:\/\/tmsifting.org\/en\/es\/","title":{"rendered":"Como Participar en el cernido?"},"content":{"rendered":"\n<style type=\"text\/css\" data-created_by=\"avia_inline_auto\" id=\"style-css-av-7w8f-c1c4e4b0fcf04ef43a96fb25ce2b9619\">\n.flex_column.av-7w8f-c1c4e4b0fcf04ef43a96fb25ce2b9619{\nborder-radius:0px 0px 0px 0px;\npadding:0px 0px 0px 0px;\n}\n<\/style>\n<div  class='flex_column av-7w8f-c1c4e4b0fcf04ef43a96fb25ce2b9619 av_one_full  avia-builder-el-0  el_before_av_one_full  avia-builder-el-first  first flex_column_div av-zero-column-padding  '     ><section  class='av_textblock_section av-jzlpt2fv-164302247dd1f607bfdf54e71d080a06 '   itemscope=\"itemscope\" itemtype=\"https:\/\/schema.org\/CreativeWork\" ><div class='avia_textblock'  itemprop=\"text\" ><h4>Algunavez has descubierto un art\u00edculo de la antigua Jerusalem?<\/h4>\n<p>El Proyecto de Tamizado del Monte del Templo es una iniciativa \u00fanica, accesible a todo el p\u00fablico. M\u00f3jese un poco las manos y toque tesoros reales de los periodos del primer, segundo Templo y m\u00e1s; consiga artefactos que alumbran las formas de vidas pasadas.<\/p>\n<p>Este gran proyecto se hizo posible por un evento desafortunado. Monta\u00f1as de tierra llenas de artefactos arqueol\u00f3gicos fueron excavados y removidas del Monte del Templo. El Monte del Templo nunca ha sido accesible para excavaciones arqueol\u00f3gicas, pero estos montones de tierra nos brindan una oportunidad rara y \u00fanica para descubrir que hay entrado en el Monte del Templo. Se invent\u00f3 una soluci\u00f3n creativa para recobrar los tesoros escondidos por la cantidad masiva de terreno removido: El proyecto desarrollo una t\u00e9cnica de cernido mojado que le permite a los residentes y <span class=\"_5yl5\">visitantes<\/span> de Jerusalem a participar en el rescate y descubrimiento de artefactos antiguos y conectarse a la herencia del Monte del Templo.<\/p>\n<p>M\u00e1s de 200,000 personas han tomado parte del cernido de la antigua tierra, haciendo de este el proyecto arqueol\u00f3gico m\u00e1s abierto al p\u00fablico del mundo entero. Hasta hoy, se han extra\u00eddo miles de artefactos de esa tierra, incluyendo monedas, lozas del piso del Templo, armas antiguas, emblemas y m\u00e1s.<\/p>\n<p>Usted tambi\u00e9n puede encontrar partes de la historia y contribuir a su preservaci\u00f3n para las generaciones futuras! Cada hallazgo es documentado incluso El nombre de quien lo halla. Visitantes han hecho hayazgos muy raros y han sido publicados Atraves del mundo! Excitante? \u00danete a nosotros y quien sabe qu\u00e9 encontrar\u00e1s !<\/p>\n<h4><em>Tus siervos aman cada una de sus piedras; ven sus ruinas, y se compadecen de ella<\/em>.<\/h4>\n<p>(Salmos 102:14)<\/p>\n<\/div><\/section><br \/>\n<div  class='avia-video av-jzlqi27z-73f9b48d0217ef4505fa678354878dc8 avia-video-16-9 av-no-preview-image avia-video-load-always av-lazyload-immediate av-lazyload-video-embed'  itemprop=\"video\" itemtype=\"https:\/\/schema.org\/VideoObject\"  data-original_url='https:\/\/youtu.be\/-rtUA91Rr08'><script type='text\/html' class='av-video-tmpl'><div class='avia-iframe-wrap'><iframe loading=\"lazy\" title=\"Que hay escondido en la tierra extraida del Monte del Templo?\" width=\"1500\" height=\"844\" src=\"https:\/\/www.youtube.com\/embed\/-rtUA91Rr08?feature=oembed&autoplay=0&loop=0&controls=1&mute=0\" frameborder=\"0\" allow=\"accelerometer; autoplay; clipboard-write; encrypted-media; gyroscope; picture-in-picture; web-share\" allowfullscreen><\/iframe><\/div><\/script><div class='av-click-to-play-overlay'><div class=\"avia_playpause_icon\"><\/div><\/div><\/div><br \/>\n\n<style type=\"text\/css\" data-created_by=\"avia_inline_auto\" id=\"style-css-av-l5iclp3p-90041dab74dee0a6a997cb04023d2913\">\n.avia-image-container.av-l5iclp3p-90041dab74dee0a6a997cb04023d2913 img.avia_image{\nbox-shadow:none;\n}\n.avia-image-container.av-l5iclp3p-90041dab74dee0a6a997cb04023d2913 .av-image-caption-overlay-center{\ncolor:#ffffff;\n}\n<\/style>\n<div  class='avia-image-container av-l5iclp3p-90041dab74dee0a6a997cb04023d2913 av-styling- avia-align-center  avia-builder-el-3  el_after_av_video  el_before_av_button '   itemprop=\"image\" itemscope=\"itemscope\" itemtype=\"https:\/\/schema.org\/ImageObject\" ><div class=\"avia-image-container-inner\"><div class=\"avia-image-overlay-wrap\"><img decoding=\"async\" fetchpriority=\"high\" class='wp-image-10262 avia-img-lazy-loading-not-10262 avia_image ' src=\"https:\/\/tmsifting.org\/en\/wp-content\/uploads\/sites\/2\/2022\/07\/TC_2022_L_TRANSPARENT_BG_RGB_white.png\" alt='TA BEST SITE 2022' title='TC_2022_L_TRANSPARENT_BG_RGB_white'  height=\"235\" width=\"200\"  itemprop=\"thumbnailUrl\"  \/><\/div><\/div><\/div><br \/>\n<div  class='avia-button-wrap av-l5icpbyp-1781e7c4a7323a9eb315bbd4ec85e722-wrap avia-button-center  avia-builder-el-4  el_after_av_image  el_before_av_heading '>\n<style type=\"text\/css\" data-created_by=\"avia_inline_auto\" id=\"style-css-av-l5icpbyp-1781e7c4a7323a9eb315bbd4ec85e722\">\n#top #wrap_all .avia-button.av-l5icpbyp-1781e7c4a7323a9eb315bbd4ec85e722{\nbackground-color:#8a7a5b;\nborder-color:#8a7a5b;\ncolor:#ffffff;\ntransition:all 0.4s ease-in-out;\n}\n<\/style>\n<a href='#booknow'  class='avia-button av-l5icpbyp-1781e7c4a7323a9eb315bbd4ec85e722 av-link-btn avia-icon_select-no avia-size-large avia-position-center'   aria-label=\"Reservar ahora\"><span class='avia_iconbox_title' >Reservar ahora<\/span><\/a><\/div><br \/>\n\n<style type=\"text\/css\" data-created_by=\"avia_inline_auto\" id=\"style-css-av-b5b4h7-72df07cea623becc339382b1551ca84c\">\n#top .av-special-heading.av-b5b4h7-72df07cea623becc339382b1551ca84c{\npadding-bottom:10px;\nfont-size:3vw;\n}\nbody .av-special-heading.av-b5b4h7-72df07cea623becc339382b1551ca84c .av-special-heading-tag .heading-char{\nfont-size:25px;\n}\n#top #wrap_all .av-special-heading.av-b5b4h7-72df07cea623becc339382b1551ca84c .av-special-heading-tag{\nfont-size:3vw;\n}\n.av-special-heading.av-b5b4h7-72df07cea623becc339382b1551ca84c .av-subheading{\nfont-size:15px;\n}\n\n@media only screen and (min-width: 480px) and (max-width: 767px){ \n#top #wrap_all .av-special-heading.av-b5b4h7-72df07cea623becc339382b1551ca84c .av-special-heading-tag{\nfont-size:0.8em;\n}\n}\n\n@media only screen and (max-width: 479px){ \n#top #wrap_all .av-special-heading.av-b5b4h7-72df07cea623becc339382b1551ca84c .av-special-heading-tag{\nfont-size:0.8em;\n}\n}\n<\/style>\n<div  class='av-special-heading av-b5b4h7-72df07cea623becc339382b1551ca84c av-special-heading-h4 blockquote modern-quote modern-centered  avia-builder-el-5  el_after_av_button  el_before_av_textblock  av-inherit-size'><h4 class='av-special-heading-tag '  itemprop=\"headline\"  >Como Participar en el cernido?<\/h4><div class=\"special-heading-border\"><div class=\"special-heading-inner-border\"><\/div><\/div><\/div><br \/>\n<section  class='av_textblock_section av-jzlqjte6-f7a4db96f5ca4b58055f00fc41ef5bbb '   itemscope=\"itemscope\" itemtype=\"https:\/\/schema.org\/CreativeWork\" ><div class='avia_textblock av_inherit_color'  itemprop=\"text\" ><p>Participar en el proyecto del cernido del Monte del Templo envuelve un programa de dos horas lo cual incluye una orientaci\u00f3n y gu\u00eda de cernido; el cernido y un sumario donde su gu\u00eda le explica el significado de los hayazgos de su grupo. Cada cubo contiene artefactos de todos los per\u00edodos hist\u00f3ricos del Monte del Templo.<\/p>\n<p>El cernido no requiere esfuerzo f\u00edsico y no se espera que los participantes se ensucien, pero puede que se mojen. Las condiciones del lugar son aptas para todas las temporadas del a\u00f1o.<\/p>\n<p>Los participantes deber\u00edan reservar con anticipaci\u00f3n.<\/p>\n<p><strong>Nota importante: El Proyecto del Cernido del Monte del Templo se ha movido y ya no est\u00e1 localizado en la antigua facilidad en El Parque Nacional del Valle de Zurim, este continua sus operaciones facilidad de cernido arqueol\u00f3gico para tierras de otros sitios ( No del Monte del Templo).<\/strong><\/p>\n<\/div><\/section><br \/>\n<div  class='togglecontainer av-jzlqmquz-ba83e6d39ca728dda55badde7617cb4e  avia-builder-el-7  el_after_av_textblock  avia-builder-el-last  toggle_close_all' >\n<section class='av_toggle_section av-9q8rx7-44420efe6cbf74776cb571409cc832b8'  itemscope=\"itemscope\" itemtype=\"https:\/\/schema.org\/CreativeWork\" ><div role=\"tablist\" class=\"single_toggle\" data-tags=\"{All} \"  ><p id='toggle-toggle-id-1' data-fake-id='#toggle-id-1' class='toggler  av-title-above '  itemprop=\"headline\"  role='tab' tabindex='0' aria-controls='toggle-id-1' data-slide-speed=\"200\" data-title=\"Opening Hours\" data-title-open=\"\" data-aria_collapsed=\"Click to expand: Opening Hours\" data-aria_expanded=\"Click to collapse: Opening Hours\">Opening Hours<span class=\"toggle_icon\"><span class=\"vert_icon\"><\/span><span class=\"hor_icon\"><\/span><\/span><\/p><div id='toggle-id-1' aria-labelledby='toggle-toggle-id-1' role='region' class='toggle_wrap  av-title-above'  ><div class='toggle_content invers-color '  itemprop=\"text\" ><p><strong>Summer<\/strong>:<\/p>\n<p>Sun-Thurs: 9am &#8211; 5pm (last entrance at 3pm)<br \/>\n*Fri: 9am &#8211; 1pm (last entrance at 11am)<\/p>\n<p><strong>Winter<\/strong>:<br \/>\nSun-Thurs: 8am &#8211; 4pm (last entrance at 2pm)<br \/>\n*Fri: 9am &#8211; 1pm (last entrance at 11am)<\/p>\n<p>* On Fridays the site is open only if the date is visible in the bookings table (the site is opened for bookings if a group of at least 25 participants has booked). For smaller groups and individuals it is recommended to try and book a Friday activity several days before.<\/p>\n<\/div><\/div><\/div><\/section>\n<section class='av_toggle_section av-7q2e97-72873088926595d91f86360b9e74c6ae'  itemscope=\"itemscope\" itemtype=\"https:\/\/schema.org\/CreativeWork\" ><div role=\"tablist\" class=\"single_toggle\" data-tags=\"{All} \"  ><p id='toggle-toggle-id-2' data-fake-id='#toggle-id-2' class='toggler  av-title-above '  itemprop=\"headline\"  role='tab' tabindex='0' aria-controls='toggle-id-2' data-slide-speed=\"200\" data-title=\"Prices\" data-title-open=\"\" data-aria_collapsed=\"Click to expand: Prices\" data-aria_expanded=\"Click to collapse: Prices\">Prices<span class=\"toggle_icon\"><span class=\"vert_icon\"><\/span><span class=\"hor_icon\"><\/span><\/span><\/p><div id='toggle-id-2' aria-labelledby='toggle-toggle-id-2' role='region' class='toggle_wrap  av-title-above'  ><div class='toggle_content invers-color '  itemprop=\"text\" ><div id=\"toggle-id-2\" class=\"toggle_wrap active_tc\">\n<div class=\"toggle_content invers-color \">\n<p><strong>Sunday -Thursday<\/strong><\/p>\n<p>\u20aa35 sifting activity for adults (aged 16 and above).<\/p>\n<p>\u20aa20 sifting activity for children aged 7-15.<\/p>\n<p>\u20aa2 children under age 7.<\/p>\n<p><strong>Fridays and Holidays<br \/>\n<\/strong><\/p>\n<p>\u20aa40 sifting activity for adults (aged 16 and above).<\/p>\n<p>\u20aa30 sifting activity for children aged 7-15.<\/p>\n<p>\u20aa2 children under age 7.<\/p>\n<\/div>\n<\/div>\n<\/div><\/div><\/div><\/section>\n<section class='av_toggle_section av-57gnez-23c794beb1024d74a4128bcd140cc12e'  itemscope=\"itemscope\" itemtype=\"https:\/\/schema.org\/CreativeWork\" ><div role=\"tablist\" class=\"single_toggle\" data-tags=\"{All} \"  ><p id='toggle-toggle-id-3' data-fake-id='#toggle-id-3' class='toggler  av-title-above '  itemprop=\"headline\"  role='tab' tabindex='0' aria-controls='toggle-id-3' data-slide-speed=\"200\" data-title=\"Lugar y Dorecciones\" data-title-open=\"\" data-aria_collapsed=\"Click to expand: Lugar y Dorecciones\" data-aria_expanded=\"Click to collapse: Lugar y Dorecciones\">Lugar y Dorecciones<span class=\"toggle_icon\"><span class=\"vert_icon\"><\/span><span class=\"hor_icon\"><\/span><\/span><\/p><div id='toggle-id-3' aria-labelledby='toggle-toggle-id-3' role='region' class='toggle_wrap  av-title-above'  ><div class='toggle_content invers-color '  itemprop=\"text\" ><p>El lugar del cernido se encuentra en Mitzpeh HaMasuot, Martin Buber \/ Yitzchak Hanadiv, Jerusalem. (<a href=\"https:\/\/goo.gl\/maps\/8cyTEDsPajEMoqxB7\">Eslab\u00f3n de mapas google<\/a>).<\/p>\n<p><strong>Por transporte p\u00fablico:<\/strong><\/p>\n<p>El lugar es ac corta distancia andando de las siguientes estaciones de autob\u00fas:<\/p>\n<p>\u201cBet Sefer leChinuch\/Buber, en autob\u00fas 48\u05d0 (esta es la parada m\u00e1s cercana al lugar del Cernido)\u201d<\/p>\n<p>\u201cHar HaTsofim Tunnel\/Martin Buber\u201d, en autob\u00fas 84<\/p>\n<p>&#8220;Har HaTsofim Tunnel\/Martin Buber&#8221;, on bus 84<\/p>\n<p><strong>Por auto:<\/strong><\/p>\n<p>Diercciones a los estacionamientos en la venc\u00edndad del lugar del cernido:<\/p>\n<p><strong>Estacionamiento Pagando- <\/strong>Estacionamiento de la Universidad Hebrea (Hebrew Univesity) al final de la calle Binyamin Mazar (<a href=\"https:\/\/goo.gl\/maps\/vmRiAFbtAUXX9Mf26\">eslab\u00f3n de mapa google<\/a> \/<a href=\"https:\/\/www.waze.com\/ul?ll=31.79018112%2C35.24553537&#038;navigate=yes&#038;zoom=17\"> eslab\u00f3n de mapa waze<\/a>) &#8211; para pagar necesita la aplicaci\u00f3n de celulares \u201ccellopark\u201d en su tel\u00e9fono. Luego de estacionar, cruce la calle en direcci\u00f3n al lugar del cernido que est\u00e1 rodeado de verja con postes de metales. Un letrero marr\u00f3n apunta al lugar.<\/p>\n<p><strong>Estacionamiento gratuito <\/strong>&#8211; Ebla calle Hadassah Lampel ( <a href=\"https:\/\/goo.gl\/maps\/vmRiAFbtAUXX9Mf26\">eslab\u00f3n de mapa Google<\/a> \/ <a href=\"https:\/\/www.waze.com\/ul?ll=31.79018112%2C35.24553537&#038;navigate=yes&#038;zoom=17\">eslab\u00f3n de mapa waze<\/a>). Estacionamiento al final de la Calle, entonces regres\u00e9 caminando al comienzo, vir\u00e9 a la derecha y luego otra derecha hacia la entrada del lugar del cernido.\u00a0 <strong>Nota- no camine en direcci\u00f3n al parque nacional Emek Zurim. <\/strong><\/p>\n<p>Favor de notar- no se puede conducir en direcci\u00f3n contraria del lugar del cernido hacia la calle Hadassah Lampel.<\/p>\n<p><a href=\"https:\/\/tmsifting.org\/en\/wp-content\/uploads\/sites\/2\/2019\/07\/Temple-Mount-Sifting-project-directions-map.png\"><img loading=\"lazy\" decoding=\"async\" class=\"alignnone wp-image-4671 size-full\" src=\"https:\/\/tmsifting.org\/en\/wp-content\/uploads\/sites\/2\/2019\/07\/Temple-Mount-Sifting-project-directions-map.png\" alt=\"Temple Mount Sifting project - map of how to get there\" width=\"1019\" height=\"964\" \/><\/a><\/p>\n<\/div><\/div><\/div><\/section>\n<section class='av_toggle_section av-fdy5n-0387823f7e5c5be65accb07f1aba95dd'  itemscope=\"itemscope\" itemtype=\"https:\/\/schema.org\/CreativeWork\" ><div role=\"tablist\" class=\"single_toggle\" data-tags=\"{All} \"  ><p id='toggle-toggle-id-4' data-fake-id='#toggle-id-4' class='toggler  av-title-above '  itemprop=\"headline\"  role='tab' tabindex='0' aria-controls='toggle-id-4' data-slide-speed=\"200\" data-title=\"Volunteering\" data-title-open=\"\" data-aria_collapsed=\"Click to expand: Volunteering\" data-aria_expanded=\"Click to collapse: Volunteering\">Volunteering<span class=\"toggle_icon\"><span class=\"vert_icon\"><\/span><span class=\"hor_icon\"><\/span><\/span><\/p><div id='toggle-id-4' aria-labelledby='toggle-toggle-id-4' role='region' class='toggle_wrap  av-title-above'  ><div class='toggle_content invers-color '  itemprop=\"text\" ><p>We are happy to accept volunteers, but since we need to invest in training volunteers, we ask potential volunteers to commit to at least fourteen days of work, and to be prepared to carry out work involving physical effort or office work (such as labeling pottery sherds). Volunteers at the site receive three days of training, which enable them to accompany groups and check the sifting results of visitors.<\/p>\n<p>We do not provide transport or meals for volunteers, who are asked to make their own way to the site and to bring their lunch.<\/p>\n<p>Please arrange voluntary work in advance, by calling us on +972-2-566-7067 during work hours, or by email: contact@tmsifting.org.<\/p>\n<p>Volunteers who would like to volunteer at our lab are may apply by sending their resume\/CV to: contact@tmsifting.org. We will make contact with you if you meet the necessary requirements.<\/p>\n<p>We are currently looking for help in the following areas: counting artifacts and data entry, studio photography, graphical editing and programming in ACCESS and SAS.<\/p>\n<p>Archaeological students interested in helping out voluntarily as research assistants are likewise welcome to send us their resume.<\/p>\n<\/div><\/div><\/div><\/section>\n<section class='av_toggle_section av-21rpqj-9b24e4ae9b55915af87db2de91243607'  itemscope=\"itemscope\" itemtype=\"https:\/\/schema.org\/CreativeWork\" ><div role=\"tablist\" class=\"single_toggle\" data-tags=\"{All} \"  ><p id='toggle-toggle-id-5' data-fake-id='#toggle-id-5' class='toggler  av-title-above '  itemprop=\"headline\"  role='tab' tabindex='0' aria-controls='toggle-id-5' data-slide-speed=\"200\" data-title=\"Additional Tour Programs\" data-title-open=\"\" data-aria_collapsed=\"Click to expand: Additional Tour Programs\" data-aria_expanded=\"Click to collapse: Additional Tour Programs\">Additional Tour Programs<span class=\"toggle_icon\"><span class=\"vert_icon\"><\/span><span class=\"hor_icon\"><\/span><\/span><\/p><div id='toggle-id-5' aria-labelledby='toggle-toggle-id-5' role='region' class='toggle_wrap  av-title-above'  ><div class='toggle_content invers-color '  itemprop=\"text\" ><p>For groups who wish to receive an enriched activity and a guided tour, we can provide the following programs:<\/p>\n<ul>\n<li>A tour of nearby sites including: the Augusta Victoria lookout tower, the Yehudai Lookout and the Mount Scopus botanical garden, including the Cave of Nicanor.<\/li>\n<li>An in-depth presentation covering the history and archaeology of the Temple Mount, including key artifacts recovered by the sifting project.<\/li>\n<li>A full day walking tour highlighting the archaeology of the Temple Mount, including: A comprehensive archaeological tour of the Temple Mount*, the royal compound at the Ophel dated to the First Temple Period and the Jerusalem Trail (including the monumental tombs of the Kidron Valley, the Valley of the Kings and the Emek Tzurim National Park, ending at the sifting site at the Masu&#8217;ot Lookout). At the sifting site the group will receive an in-depth presentation on the Temple Mount Sifting Project and its finds, together with participation in the sifting activity.<\/li>\n<\/ul>\n<p>*For those preferring not to enter the Temple Mount we offer an alternative tour including a walk around the Temple Mount\u2019s walls and the Davidson Center.<\/p>\n<p>For additional information regarding these programs please contact us at booking@tmsifting.org or +972-2-5667067<\/p>\n<\/div><\/div><\/div><\/section>\n<\/div><\/p><\/div>\n<style type=\"text\/css\" data-created_by=\"avia_inline_auto\" id=\"style-css-av-3eqj-24cba1a65440dd1b15691802d653a7f7\">\n.flex_column.av-3eqj-24cba1a65440dd1b15691802d653a7f7{\nborder-radius:0px 0px 0px 0px;\npadding:0px 0px 0px 0px;\n}\n<\/style>\n<div  class='flex_column av-3eqj-24cba1a65440dd1b15691802d653a7f7 av_one_full  avia-builder-el-8  el_after_av_one_full  avia-builder-el-last  first flex_column_div av-zero-column-padding  column-top-margin'     ><p><br \/>\n\n<style type=\"text\/css\" data-created_by=\"avia_inline_auto\" id=\"style-css-av-3r43-751453efa05d56b5f37805816790286e\">\n#top .av-special-heading.av-3r43-751453efa05d56b5f37805816790286e{\npadding-bottom:10px;\n}\nbody .av-special-heading.av-3r43-751453efa05d56b5f37805816790286e .av-special-heading-tag .heading-char{\nfont-size:25px;\n}\n.av-special-heading.av-3r43-751453efa05d56b5f37805816790286e .av-subheading{\nfont-size:15px;\n}\n<\/style>\n<div  class='av-special-heading av-3r43-751453efa05d56b5f37805816790286e av-special-heading-h2 blockquote modern-quote modern-centered  avia-builder-el-10  el_after_av_codeblock  el_before_av_textblock '><h2 class='av-special-heading-tag '  itemprop=\"headline\"  >Book Your Sifting Now<\/h2><div class=\"special-heading-border\"><div class=\"special-heading-inner-border\"><\/div><\/div><\/div><br \/>\n<section  class='av_textblock_section av-jzlqpkm2-7d53bd7d3449ef53d3b3a8421789b597 '   itemscope=\"itemscope\" itemtype=\"https:\/\/schema.org\/CreativeWork\" ><div class='avia_textblock'  itemprop=\"text\" ><p><iframe loading=\"lazy\" id=\"ticketsIFrame\" style=\"border: 3px solid #fff;\" src=\"https:\/\/ticketsoft.co.il\/reservintres\/index.jsp?lang=en&#038;referentId=121&#038;siteId=70&#038;activityGroup=1\" width=\"100%\" height=\"940px\"><br \/\n<\/iframe><\/p>\n<\/div><\/section><br \/>\n<section  class='av_textblock_section av-jzlqq8zf-d8f72c56b76a851de1c97b1f3adda998 '   itemscope=\"itemscope\" itemtype=\"https:\/\/schema.org\/CreativeWork\" ><div class='avia_textblock'  itemprop=\"text\" ><p>* For same-day visits, you may call 02-566-5491<\/p>\n<p>For further information please contact us at: booking@tmsifting.org<\/p>\n<\/div><\/section><\/p><\/div><\/p>\n","protected":false},"excerpt":{"rendered":"","protected":false},"author":1,"featured_media":0,"parent":0,"menu_order":0,"comment_status":"closed","ping_status":"closed","template":"","meta":{"jetpack_post_was_ever_published":false,"footnotes":""},"class_list":["post-5035","page","type-page","status-publish","hentry"],"jetpack_likes_enabled":true,"jetpack_sharing_enabled":true,"_links":{"self":[{"href":"https:\/\/tmsifting.org\/en\/wp-json\/wp\/v2\/pages\/5035","targetHints":{"allow":["GET"]}}],"collection":[{"href":"https:\/\/tmsifting.org\/en\/wp-json\/wp\/v2\/pages"}],"about":[{"href":"https:\/\/tmsifting.org\/en\/wp-json\/wp\/v2\/types\/page"}],"author":[{"embeddable":true,"href":"https:\/\/tmsifting.org\/en\/wp-json\/wp\/v2\/users\/1"}],"replies":[{"embeddable":true,"href":"https:\/\/tmsifting.org\/en\/wp-json\/wp\/v2\/comments?post=5035"}],"version-history":[{"count":11,"href":"https:\/\/tmsifting.org\/en\/wp-json\/wp\/v2\/pages\/5035\/revisions"}],"predecessor-version":[{"id":10426,"href":"https:\/\/tmsifting.org\/en\/wp-json\/wp\/v2\/pages\/5035\/revisions\/10426"}],"wp:attachment":[{"href":"https:\/\/tmsifting.org\/en\/wp-json\/wp\/v2\/media?parent=5035"}],"curies":[{"name":"wp","href":"https:\/\/api.w.org\/{rel}","templated":true}]}}